{"id":2,"date":"2020-05-01T16:35:03","date_gmt":"2020-05-01T14:35:03","guid":{"rendered":"https:\/\/www.zollhaus.net\/wordpress\/?page_id=2"},"modified":"2020-05-03T19:23:50","modified_gmt":"2020-05-03T17:23:50","slug":"beispiel-seite","status":"publish","type":"page","link":"https:\/\/www.zollhaus.net\/wordpress\/","title":{"rendered":"Zollhaus"},"content":{"rendered":"\n<p>Unser &#8222;Zollhaus&#8220; diente fr\u00fcher zur Erhebung der Br\u00fcckenmaut f\u00fcr Fu\u00dfg\u00e4nger und Fuhrwerke die von Pullach nach Gr\u00fcnwald und umgekehrt die Isarbr\u00fccke \u00fcberqueren wollten <\/p>\n","protected":false},"excerpt":{"rendered":"<p>Unser &#8222;Zollhaus&#8220; diente fr\u00fcher zur Erhebung der Br\u00fcckenmaut f\u00fcr Fu\u00dfg\u00e4nger und Fuhrwerke die von Pullach nach Gr\u00fcnwald und umgekehrt die Isarbr\u00fccke \u00fcberqueren wollten<\/p>\n","protected":false},"author":1,"featured_media":0,"parent":0,"menu_order":0,"comment_status":"closed","ping_status":"open","template":"","meta":{"footnotes":""},"class_list":["post-2","page","type-page","status-publish","hentry"],"_links":{"self":[{"href":"https:\/\/www.zollhaus.net\/wordpress\/index.php\/wp-json\/wp\/v2\/pages\/2","targetHints":{"allow":["GET"]}}],"collection":[{"href":"https:\/\/www.zollhaus.net\/wordpress\/index.php\/wp-json\/wp\/v2\/pages"}],"about":[{"href":"https:\/\/www.zollhaus.net\/wordpress\/index.php\/wp-json\/wp\/v2\/types\/page"}],"author":[{"embeddable":true,"href":"https:\/\/www.zollhaus.net\/wordpress\/index.php\/wp-json\/wp\/v2\/users\/1"}],"replies":[{"embeddable":true,"href":"https:\/\/www.zollhaus.net\/wordpress\/index.php\/wp-json\/wp\/v2\/comments?post=2"}],"version-history":[{"count":1,"href":"https:\/\/www.zollhaus.net\/wordpress\/index.php\/wp-json\/wp\/v2\/pages\/2\/revisions"}],"predecessor-version":[{"id":6,"href":"https:\/\/www.zollhaus.net\/wordpress\/index.php\/wp-json\/wp\/v2\/pages\/2\/revisions\/6"}],"wp:attachment":[{"href":"https:\/\/www.zollhaus.net\/wordpress\/index.php\/wp-json\/wp\/v2\/media?parent=2"}],"curies":[{"name":"wp","href":"https:\/\/api.w.org\/{rel}","templated":true}]}}